{"id":5938,"date":"2024-11-15T09:50:48","date_gmt":"2024-11-15T09:50:48","guid":{"rendered":"https:\/\/sw-ift.co.za\/?page_id=5938"},"modified":"2024-12-23T18:44:45","modified_gmt":"2024-12-23T18:44:45","slug":"select","status":"publish","type":"page","link":"https:\/\/sw-ift.co.za\/cs\/investors\/select\/","title":{"rendered":"Select Page"},"content":{"rendered":"<div data-elementor-type=\"wp-page\" data-elementor-id=\"5938\" class=\"elementor elementor-5938\" data-elementor-settings=\"{&quot;element_pack_global_tooltip_width&quot;:{&quot;unit&quot;:&quot;px&quot;,&quot;size&quot;:&quot;&quot;,&quot;sizes&quot;:[]},&quot;element_pack_global_tooltip_width_tablet&quot;:{&quot;unit&quot;:&quot;px&quot;,&quot;size&quot;:&quot;&quot;,&quot;sizes&quot;:[]},&quot;element_pack_global_tooltip_width_mobile&quot;:{&quot;unit&quot;:&quot;px&quot;,&quot;size&quot;:&quot;&quot;,&quot;sizes&quot;:[]},&quot;element_pack_global_tooltip_padding&quot;:{&quot;unit&quot;:&quot;px&quot;,&quot;top&quot;:&quot;&quot;,&quot;right&quot;:&quot;&quot;,&quot;bottom&quot;:&quot;&quot;,&quot;left&quot;:&quot;&quot;,&quot;isLinked&quot;:true},&quot;element_pack_global_tooltip_padding_tablet&quot;:{&quot;unit&quot;:&quot;px&quot;,&quot;top&quot;:&quot;&quot;,&quot;right&quot;:&quot;&quot;,&quot;bottom&quot;:&quot;&quot;,&quot;left&quot;:&quot;&quot;,&quot;isLinked&quot;:true},&quot;element_pack_global_tooltip_padding_mobile&quot;:{&quot;unit&quot;:&quot;px&quot;,&quot;top&quot;:&quot;&quot;,&quot;right&quot;:&quot;&quot;,&quot;bottom&quot;:&quot;&quot;,&quot;left&quot;:&quot;&quot;,&quot;isLinked&quot;:true},&quot;element_pack_global_tooltip_border_radius&quot;:{&quot;unit&quot;:&quot;px&quot;,&quot;top&quot;:&quot;&quot;,&quot;right&quot;:&quot;&quot;,&quot;bottom&quot;:&quot;&quot;,&quot;left&quot;:&quot;&quot;,&quot;isLinked&quot;:true},&quot;element_pack_global_tooltip_border_radius_tablet&quot;:{&quot;unit&quot;:&quot;px&quot;,&quot;top&quot;:&quot;&quot;,&quot;right&quot;:&quot;&quot;,&quot;bottom&quot;:&quot;&quot;,&quot;left&quot;:&quot;&quot;,&quot;isLinked&quot;:true},&quot;element_pack_global_tooltip_border_radius_mobile&quot;:{&quot;unit&quot;:&quot;px&quot;,&quot;top&quot;:&quot;&quot;,&quot;right&quot;:&quot;&quot;,&quot;bottom&quot;:&quot;&quot;,&quot;left&quot;:&quot;&quot;,&quot;isLinked&quot;:true}}\" data-elementor-post-type=\"page\">\n\t\t\t\t<div class=\"elementor-element elementor-element-69b949a4 hero_section e-flex e-con-boxed elementor-invisible e-con e-parent\" data-id=\"69b949a4\" data-element_type=\"container\" data-settings=\"{&quot;background_background&quot;:&quot;gradient&quot;,&quot;animation&quot;:&quot;fadeIn&quot;,&quot;animation_delay&quot;:&quot;160&quot;}\">\n\t\t\t\t\t<div class=\"e-con-inner\">\n\t\t<div class=\"elementor-element elementor-element-66f74111 e-con-full e-flex e-con e-child\" data-id=\"66f74111\" data-element_type=\"container\">\n\t\t<div class=\"elementor-element elementor-element-c4463b7 e-con-full e-flex e-con e-child\" data-id=\"c4463b7\" data-element_type=\"container\">\n\t\t\t\t<div class=\"elementor-element elementor-element-83b6782 elementor-widget elementor-widget-heading\" data-id=\"83b6782\" data-element_type=\"widget\" data-widget_type=\"heading.default\">\n\t\t\t\t<div class=\"elementor-widget-container\">\n\t\t\t\t\t<h2 class=\"elementor-heading-title elementor-size-default\">Vztahy s investory<\/h2>\t\t\t\t<\/div>\n\t\t\t\t<\/div>\n\t\t\t\t<\/div>\n\t\t<div class=\"elementor-element elementor-element-4ad23df e-con-full e-flex e-con e-child\" data-id=\"4ad23df\" data-element_type=\"container\">\n\t\t\t\t<div class=\"elementor-element elementor-element-a05dada elementor-align-right elementor-widget elementor-widget-bdt-creative-button\" data-id=\"a05dada\" data-element_type=\"widget\" data-widget_type=\"bdt-creative-button.default\">\n\t\t\t\t<div class=\"elementor-widget-container\">\n\t\t\t\t\t\t\t\t\t\t<a href=\"https:\/\/sw-ift.co.za\/cs\/request-access\/\" target=\"_blank\" class=\"bdt-ep-creative-button bdt-ep-creative-button--reklo\">\n\t\t\t\t<span>Continue to Valgrind<\/span>\n\t\t\t\t<i class=\"ep-icon-arrow-right-0\"><\/i>\n\t\t\t<\/a>\n\t\t\n\t\t\t\t\t\t<\/div>\n\t\t\t\t<\/div>\n\t\t\t\t<\/div>\n\t\t\t\t<\/div>\n\t\t<div class=\"elementor-element elementor-element-2853188 e-con-full e-flex e-con e-child\" data-id=\"2853188\" data-element_type=\"container\">\n\t\t<div class=\"elementor-element elementor-element-dea19fb e-con-full e-flex e-con e-child\" data-id=\"dea19fb\" data-element_type=\"container\" data-settings=\"{&quot;background_background&quot;:&quot;classic&quot;}\">\n\t\t\t\t<div class=\"elementor-element elementor-element-cec44a7 elementor-widget elementor-widget-heading\" data-id=\"cec44a7\" data-element_type=\"widget\" data-widget_type=\"heading.default\">\n\t\t\t\t<div class=\"elementor-widget-container\">\n\t\t\t\t\t<p class=\"elementor-heading-title elementor-size-default\">Individual Investors<\/p>\t\t\t\t<\/div>\n\t\t\t\t<\/div>\n\t\t\t\t<div class=\"elementor-element elementor-element-eac827f elementor-widget elementor-widget-text-editor\" data-id=\"eac827f\" data-element_type=\"widget\" data-widget_type=\"text-editor.default\">\n\t\t\t\t<div class=\"elementor-widget-container\">\n\t\t\t\t\t\t\t\t\t<p>Unlock tailored investment opportunities with SWIFT Holding. From high-return real estate projects to diversified asset management solutions, our bespoke offerings ensure your portfolio aligns with your aspirations.<\/p>\t\t\t\t\t\t\t\t<\/div>\n\t\t\t\t<\/div>\n\t\t\t\t<div class=\"elementor-element elementor-element-ac4dd91 elementor-widget__width-auto elementor-align-left elementor-widget elementor-widget-bdt-creative-button\" data-id=\"ac4dd91\" data-element_type=\"widget\" data-widget_type=\"bdt-creative-button.default\">\n\t\t\t\t<div class=\"elementor-widget-container\">\n\t\t\t\t\t\t\t\t\t\t<a href=\"https:\/\/sw-ift.co.za\/cs\/create-account\/\" class=\"bdt-ep-creative-button bdt-ep-creative-button--reklo\">\n\t\t\t\t<span>Vytvo\u0159it \u00fa\u010det<\/span>\n\t\t\t\t<i class=\"ep-icon-arrow-right-0\"><\/i>\n\t\t\t<\/a>\n\t\t\n\t\t\t\t\t\t<\/div>\n\t\t\t\t<\/div>\n\t\t\t\t<\/div>\n\t\t<div class=\"elementor-element elementor-element-dbccd93 e-con-full e-flex e-con e-child\" data-id=\"dbccd93\" data-element_type=\"container\" data-settings=\"{&quot;background_background&quot;:&quot;classic&quot;}\">\n\t\t\t\t<div class=\"elementor-element elementor-element-8a23f5f elementor-widget elementor-widget-heading\" data-id=\"8a23f5f\" data-element_type=\"widget\" data-widget_type=\"heading.default\">\n\t\t\t\t<div class=\"elementor-widget-container\">\n\t\t\t\t\t<p class=\"elementor-heading-title elementor-size-default\">Institutional Investors<\/p>\t\t\t\t<\/div>\n\t\t\t\t<\/div>\n\t\t\t\t<div class=\"elementor-element elementor-element-d75f350 elementor-widget elementor-widget-text-editor\" data-id=\"d75f350\" data-element_type=\"widget\" data-widget_type=\"text-editor.default\">\n\t\t\t\t<div class=\"elementor-widget-container\">\n\t\t\t\t\t\t\t\t\tPartner with us to access strategic opportunities designed for large-scale growth. Our institutional services are crafted to meet the sophisticated needs of organisations seeking long-term wealth generation and diversification.\t\t\t\t\t\t\t\t<\/div>\n\t\t\t\t<\/div>\n\t\t\t\t<div class=\"elementor-element elementor-element-1c8a688 elementor-widget__width-auto elementor-align-left elementor-widget elementor-widget-bdt-creative-button\" data-id=\"1c8a688\" data-element_type=\"widget\" data-widget_type=\"bdt-creative-button.default\">\n\t\t\t\t<div class=\"elementor-widget-container\">\n\t\t\t\t\t\t\t\t\t\t<a href=\"https:\/\/sw-ift.co.za\/cs\/contact\/institute-investor\/\" class=\"bdt-ep-creative-button bdt-ep-creative-button--reklo\">\n\t\t\t\t<span>Get In Touch<\/span>\n\t\t\t\t<i class=\"ep-icon-arrow-right-0\"><\/i>\n\t\t\t<\/a>\n\t\t\n\t\t\t\t\t\t<\/div>\n\t\t\t\t<\/div>\n\t\t\t\t<\/div>\n\t\t<div class=\"elementor-element elementor-element-e7e01a5 e-con-full e-flex e-con e-child\" data-id=\"e7e01a5\" data-element_type=\"container\" data-settings=\"{&quot;background_background&quot;:&quot;classic&quot;}\">\n\t\t\t\t<div class=\"elementor-element elementor-element-78d4bd0 elementor-widget elementor-widget-heading\" data-id=\"78d4bd0\" data-element_type=\"widget\" data-widget_type=\"heading.default\">\n\t\t\t\t<div class=\"elementor-widget-container\">\n\t\t\t\t\t<p class=\"elementor-heading-title elementor-size-default\">Investor Contact<\/p>\t\t\t\t<\/div>\n\t\t\t\t<\/div>\n\t\t\t\t<div class=\"elementor-element elementor-element-7d8a59c elementor-widget elementor-widget-text-editor\" data-id=\"7d8a59c\" data-element_type=\"widget\" data-widget_type=\"text-editor.default\">\n\t\t\t\t<div class=\"elementor-widget-container\">\n\t\t\t\t\t\t\t\t\t<p>Have questions or need guidance? Our dedicated Investor Relations team is here to assist you. Contact us to discuss your investment goals and discover how SWIFT Holding can help secure your financial future.<\/p>\t\t\t\t\t\t\t\t<\/div>\n\t\t\t\t<\/div>\n\t\t\t\t<div class=\"elementor-element elementor-element-4523b28 elementor-widget__width-auto elementor-align-left elementor-widget elementor-widget-bdt-creative-button\" data-id=\"4523b28\" data-element_type=\"widget\" data-widget_type=\"bdt-creative-button.default\">\n\t\t\t\t<div class=\"elementor-widget-container\">\n\t\t\t\t\t\t\t\t\t\t<a href=\"https:\/\/sw-ift.co.za\/cs\/contact\/investor\/\" class=\"bdt-ep-creative-button bdt-ep-creative-button--reklo\">\n\t\t\t\t<span>Kontakt<\/span>\n\t\t\t\t<i class=\"ep-icon-arrow-right-0\"><\/i>\n\t\t\t<\/a>\n\t\t\n\t\t\t\t\t\t<\/div>\n\t\t\t\t<\/div>\n\t\t\t\t<\/div>\n\t\t\t\t<\/div>\n\t\t\t\t\t<\/div>\n\t\t\t\t<\/div>\n\t\t\t\t<\/div>","protected":false},"excerpt":{"rendered":"<p>Investor Relations Continue to Valgrind Individual Investors Unlock tailored investment opportunities with SWIFT Holding. From high-return real estate projects to diversified asset [&hellip;]<\/p>","protected":false},"author":8,"featured_media":0,"parent":2843,"menu_order":0,"comment_status":"closed","ping_status":"closed","template":"","meta":{"footnotes":""},"class_list":["post-5938","page","type-page","status-publish","hentry"],"_links":{"self":[{"href":"https:\/\/sw-ift.co.za\/cs\/wp-json\/wp\/v2\/pages\/5938","targetHints":{"allow":["GET"]}}],"collection":[{"href":"https:\/\/sw-ift.co.za\/cs\/wp-json\/wp\/v2\/pages"}],"about":[{"href":"https:\/\/sw-ift.co.za\/cs\/wp-json\/wp\/v2\/types\/page"}],"author":[{"embeddable":true,"href":"https:\/\/sw-ift.co.za\/cs\/wp-json\/wp\/v2\/users\/8"}],"replies":[{"embeddable":true,"href":"https:\/\/sw-ift.co.za\/cs\/wp-json\/wp\/v2\/comments?post=5938"}],"version-history":[{"count":0,"href":"https:\/\/sw-ift.co.za\/cs\/wp-json\/wp\/v2\/pages\/5938\/revisions"}],"up":[{"embeddable":true,"href":"https:\/\/sw-ift.co.za\/cs\/wp-json\/wp\/v2\/pages\/2843"}],"wp:attachment":[{"href":"https:\/\/sw-ift.co.za\/cs\/wp-json\/wp\/v2\/media?parent=5938"}],"curies":[{"name":"wp","href":"https:\/\/api.w.org\/{rel}","templated":true}]}}