{"id":303,"date":"2024-09-26T16:56:25","date_gmt":"2024-09-26T16:56:25","guid":{"rendered":"https:\/\/sw-ift.co.za\/?page_id=303"},"modified":"2024-12-26T00:06:53","modified_gmt":"2024-12-26T00:06:53","slug":"contact","status":"publish","type":"page","link":"https:\/\/sw-ift.co.za\/de\/contact\/","title":{"rendered":"Kontakt"},"content":{"rendered":"<div data-elementor-type=\"wp-page\" data-elementor-id=\"303\" class=\"elementor elementor-303\" data-elementor-settings=\"{&quot;element_pack_global_tooltip_width&quot;:{&quot;unit&quot;:&quot;px&quot;,&quot;size&quot;:&quot;&quot;,&quot;sizes&quot;:[]},&quot;element_pack_global_tooltip_width_tablet&quot;:{&quot;unit&quot;:&quot;px&quot;,&quot;size&quot;:&quot;&quot;,&quot;sizes&quot;:[]},&quot;element_pack_global_tooltip_width_mobile&quot;:{&quot;unit&quot;:&quot;px&quot;,&quot;size&quot;:&quot;&quot;,&quot;sizes&quot;:[]},&quot;element_pack_global_tooltip_padding&quot;:{&quot;unit&quot;:&quot;px&quot;,&quot;top&quot;:&quot;&quot;,&quot;right&quot;:&quot;&quot;,&quot;bottom&quot;:&quot;&quot;,&quot;left&quot;:&quot;&quot;,&quot;isLinked&quot;:true},&quot;element_pack_global_tooltip_padding_tablet&quot;:{&quot;unit&quot;:&quot;px&quot;,&quot;top&quot;:&quot;&quot;,&quot;right&quot;:&quot;&quot;,&quot;bottom&quot;:&quot;&quot;,&quot;left&quot;:&quot;&quot;,&quot;isLinked&quot;:true},&quot;element_pack_global_tooltip_padding_mobile&quot;:{&quot;unit&quot;:&quot;px&quot;,&quot;top&quot;:&quot;&quot;,&quot;right&quot;:&quot;&quot;,&quot;bottom&quot;:&quot;&quot;,&quot;left&quot;:&quot;&quot;,&quot;isLinked&quot;:true},&quot;element_pack_global_tooltip_border_radius&quot;:{&quot;unit&quot;:&quot;px&quot;,&quot;top&quot;:&quot;&quot;,&quot;right&quot;:&quot;&quot;,&quot;bottom&quot;:&quot;&quot;,&quot;left&quot;:&quot;&quot;,&quot;isLinked&quot;:true},&quot;element_pack_global_tooltip_border_radius_tablet&quot;:{&quot;unit&quot;:&quot;px&quot;,&quot;top&quot;:&quot;&quot;,&quot;right&quot;:&quot;&quot;,&quot;bottom&quot;:&quot;&quot;,&quot;left&quot;:&quot;&quot;,&quot;isLinked&quot;:true},&quot;element_pack_global_tooltip_border_radius_mobile&quot;:{&quot;unit&quot;:&quot;px&quot;,&quot;top&quot;:&quot;&quot;,&quot;right&quot;:&quot;&quot;,&quot;bottom&quot;:&quot;&quot;,&quot;left&quot;:&quot;&quot;,&quot;isLinked&quot;:true}}\" data-elementor-post-type=\"page\">\n\t\t\t\t<div class=\"elementor-element elementor-element-6290fa33 hero_section e-flex e-con-boxed elementor-invisible e-con e-parent\" data-id=\"6290fa33\" data-element_type=\"container\" id=\"carousel\" data-settings=\"{&quot;background_background&quot;:&quot;gradient&quot;,&quot;animation&quot;:&quot;fadeIn&quot;,&quot;animation_delay&quot;:&quot;160&quot;}\">\n\t\t\t\t\t<div class=\"e-con-inner\">\n\t\t<div class=\"elementor-element elementor-element-3b09d6fd e-con-full e-flex e-con e-child\" data-id=\"3b09d6fd\" data-element_type=\"container\">\n\t\t\t\t<div class=\"elementor-element elementor-element-73f9a32f elementor-widget__width-initial elementor-widget-tablet__width-initial elementor-widget-mobile__width-inherit ui-e-a-animate elementor-widget elementor-widget-highlighted-text\" data-id=\"73f9a32f\" data-element_type=\"widget\" data-widget_type=\"highlighted-text.default\">\n\t\t\t\t<div class=\"elementor-widget-container\">\n\t\t\t\t\t        <h2 class=\"ui-e--highlighted-text\">\n            <span class=\"ui-e-headline-text elementor-repeater-item-9f571d1\">SWIFT kontaktieren<\/span>        <\/h2>\n    \t\t\t\t<\/div>\n\t\t\t\t<\/div>\n\t\t\t\t<div class=\"elementor-element elementor-element-ad4f9f6 elementor-widget__width-initial elementor-widget elementor-widget-text-editor\" data-id=\"ad4f9f6\" data-element_type=\"widget\" data-widget_type=\"text-editor.default\">\n\t\t\t\t<div class=\"elementor-widget-container\">\n\t\t\t\t\t\t\t\t\tWir helfen Ihnen dabei, ma\u00dfgeschneiderte L\u00f6sungen zu finden, die Ihren speziellen Bed\u00fcrfnissen entsprechen. W\u00e4hlen Sie die entsprechende Abteilung, und unsere Experten werden daf\u00fcr sorgen, dass Ihre Anfrage an das richtige Team weitergeleitet wird, um eine schnelle und professionelle Antwort zu erhalten.\t\t\t\t\t\t\t\t<\/div>\n\t\t\t\t<\/div>\n\t\t\t\t<\/div>\n\t\t<div class=\"elementor-element elementor-element-428d43fa e-con-full e-flex e-con e-child\" data-id=\"428d43fa\" data-element_type=\"container\">\n\t\t<div class=\"elementor-element elementor-element-64f91584 e-con-full e-flex e-con e-child\" data-id=\"64f91584\" data-element_type=\"container\" data-settings=\"{&quot;background_background&quot;:&quot;classic&quot;}\">\n\t\t\t\t<div class=\"elementor-element elementor-element-579db56 elementor-widget elementor-widget-heading\" data-id=\"579db56\" data-element_type=\"widget\" data-widget_type=\"heading.default\">\n\t\t\t\t<div class=\"elementor-widget-container\">\n\t\t\t\t\t<p class=\"elementor-heading-title elementor-size-default\">W\u00e4hlen Sie Ihr Interessengebiet<\/p>\t\t\t\t<\/div>\n\t\t\t\t<\/div>\n\t\t\t\t<div class=\"elementor-element elementor-element-e8c6884 elementor-widget__width-auto elementor-widget elementor-widget-bdt-creative-button\" data-id=\"e8c6884\" data-element_type=\"widget\" data-widget_type=\"bdt-creative-button.default\">\n\t\t\t\t<div class=\"elementor-widget-container\">\n\t\t\t\t\t\t\t\t\t\t<a href=\"https:\/\/sw-ift.co.za\/de\/contact\/general-contact\/\" class=\"bdt-ep-creative-button bdt-ep-creative-button--reklo\">\n\t\t\t\t<span>Allgemeine Anfragen<\/span>\n\t\t\t\t<i class=\"ep-icon-arrow-right-0\"><\/i>\n\t\t\t<\/a>\n\t\t\n\t\t\t\t\t\t<\/div>\n\t\t\t\t<\/div>\n\t\t\t\t<div class=\"elementor-element elementor-element-9eb2fea elementor-widget elementor-widget-bdt-advanced-divider\" data-id=\"9eb2fea\" data-element_type=\"widget\" data-widget_type=\"bdt-advanced-divider.default\">\n\t\t\t\t<div class=\"elementor-widget-container\">\n\t\t\t\t\t\t\t<div class=\"bdt-ep-advanced-divider\" data-settings=\"{&quot;animation&quot;:true}\">\n\n\t\t\t\t\t\t\t<img decoding=\"async\" src=\"https:\/\/sw-ift.co.za\/wp-content\/plugins\/bdthemes-element-pack\/assets\/images\/divider\/line.svg\" alt=\"fortschrittlicher Teiler\" class=\"bdt-animation-stroke ep_square\">\n\t\t\t\n\t\t<\/div>\n\n\t\t\t\t\t\t<\/div>\n\t\t\t\t<\/div>\n\t\t\t\t<div class=\"elementor-element elementor-element-58270e8 elementor-widget__width-auto elementor-widget elementor-widget-bdt-creative-button\" data-id=\"58270e8\" data-element_type=\"widget\" data-widget_type=\"bdt-creative-button.default\">\n\t\t\t\t<div class=\"elementor-widget-container\">\n\t\t\t\t\t\t\t\t\t\t<a href=\"https:\/\/sw-ift.co.za\/de\/contact\/investor\/\" class=\"bdt-ep-creative-button bdt-ep-creative-button--reklo\">\n\t\t\t\t<span>Allgemeiner Investor<\/span>\n\t\t\t\t<i class=\"ep-icon-arrow-right-0\"><\/i>\n\t\t\t<\/a>\n\t\t\n\t\t\t\t\t\t<\/div>\n\t\t\t\t<\/div>\n\t\t\t\t<div class=\"elementor-element elementor-element-d478217 elementor-widget elementor-widget-bdt-advanced-divider\" data-id=\"d478217\" data-element_type=\"widget\" data-widget_type=\"bdt-advanced-divider.default\">\n\t\t\t\t<div class=\"elementor-widget-container\">\n\t\t\t\t\t\t\t<div class=\"bdt-ep-advanced-divider\" data-settings=\"{&quot;animation&quot;:true}\">\n\n\t\t\t\t\t\t\t<img decoding=\"async\" src=\"https:\/\/sw-ift.co.za\/wp-content\/plugins\/bdthemes-element-pack\/assets\/images\/divider\/line.svg\" alt=\"fortschrittlicher Teiler\" class=\"bdt-animation-stroke ep_square\">\n\t\t\t\n\t\t<\/div>\n\n\t\t\t\t\t\t<\/div>\n\t\t\t\t<\/div>\n\t\t\t\t<div class=\"elementor-element elementor-element-2ac2be3 elementor-widget__width-auto elementor-widget elementor-widget-bdt-creative-button\" data-id=\"2ac2be3\" data-element_type=\"widget\" data-widget_type=\"bdt-creative-button.default\">\n\t\t\t\t<div class=\"elementor-widget-container\">\n\t\t\t\t\t\t\t\t\t\t<a href=\"https:\/\/sw-ift.co.za\/de\/contact\/institute-investor\/\" class=\"bdt-ep-creative-button bdt-ep-creative-button--reklo\">\n\t\t\t\t<span>Institutioneller Investor<\/span>\n\t\t\t\t<i class=\"ep-icon-arrow-right-0\"><\/i>\n\t\t\t<\/a>\n\t\t\n\t\t\t\t\t\t<\/div>\n\t\t\t\t<\/div>\n\t\t\t\t<div class=\"elementor-element elementor-element-396ed5e elementor-widget elementor-widget-bdt-advanced-divider\" data-id=\"396ed5e\" data-element_type=\"widget\" data-widget_type=\"bdt-advanced-divider.default\">\n\t\t\t\t<div class=\"elementor-widget-container\">\n\t\t\t\t\t\t\t<div class=\"bdt-ep-advanced-divider\" data-settings=\"{&quot;animation&quot;:true}\">\n\n\t\t\t\t\t\t\t<img decoding=\"async\" src=\"https:\/\/sw-ift.co.za\/wp-content\/plugins\/bdthemes-element-pack\/assets\/images\/divider\/line.svg\" alt=\"fortschrittlicher Teiler\" class=\"bdt-animation-stroke ep_square\">\n\t\t\t\n\t\t<\/div>\n\n\t\t\t\t\t\t<\/div>\n\t\t\t\t<\/div>\n\t\t\t\t<div class=\"elementor-element elementor-element-f9bcb8c elementor-widget__width-auto elementor-widget elementor-widget-bdt-creative-button\" data-id=\"f9bcb8c\" data-element_type=\"widget\" data-widget_type=\"bdt-creative-button.default\">\n\t\t\t\t<div class=\"elementor-widget-container\">\n\t\t\t\t\t\t\t\t\t\t<a href=\"https:\/\/sw-ift.co.za\/de\/contact\/vendor\/\" class=\"bdt-ep-creative-button bdt-ep-creative-button--reklo\">\n\t\t\t\t<span>Anbieter &amp; Lieferanten<\/span>\n\t\t\t\t<i class=\"ep-icon-arrow-right-0\"><\/i>\n\t\t\t<\/a>\n\t\t\n\t\t\t\t\t\t<\/div>\n\t\t\t\t<\/div>\n\t\t\t\t<div class=\"elementor-element elementor-element-a9ca348 elementor-widget elementor-widget-bdt-advanced-divider\" data-id=\"a9ca348\" data-element_type=\"widget\" data-widget_type=\"bdt-advanced-divider.default\">\n\t\t\t\t<div class=\"elementor-widget-container\">\n\t\t\t\t\t\t\t<div class=\"bdt-ep-advanced-divider\" data-settings=\"{&quot;animation&quot;:true}\">\n\n\t\t\t\t\t\t\t<img decoding=\"async\" src=\"https:\/\/sw-ift.co.za\/wp-content\/plugins\/bdthemes-element-pack\/assets\/images\/divider\/line.svg\" alt=\"fortschrittlicher Teiler\" class=\"bdt-animation-stroke ep_square\">\n\t\t\t\n\t\t<\/div>\n\n\t\t\t\t\t\t<\/div>\n\t\t\t\t<\/div>\n\t\t\t\t<div class=\"elementor-element elementor-element-a277a28 elementor-widget__width-auto elementor-widget elementor-widget-bdt-creative-button\" data-id=\"a277a28\" data-element_type=\"widget\" data-widget_type=\"bdt-creative-button.default\">\n\t\t\t\t<div class=\"elementor-widget-container\">\n\t\t\t\t\t\t\t\t\t\t<a href=\"https:\/\/sw-ift.co.za\/de\/contact\/careers\/\" class=\"bdt-ep-creative-button bdt-ep-creative-button--reklo\">\n\t\t\t\t<span>Karriere &amp; Arbeiten<\/span>\n\t\t\t\t<i class=\"ep-icon-arrow-right-0\"><\/i>\n\t\t\t<\/a>\n\t\t\n\t\t\t\t\t\t<\/div>\n\t\t\t\t<\/div>\n\t\t\t\t<\/div>\n\t\t\t\t<\/div>\n\t\t\t\t\t<\/div>\n\t\t\t\t<\/div>\n\t\t\t\t<\/div>","protected":false},"excerpt":{"rendered":"<p>Get in Touch with SWIFT We\u2019re here to help you explore customized solutions designed to meet your specific needs. Choose the appropriate [&hellip;]<\/p>","protected":false},"author":8,"featured_media":0,"parent":0,"menu_order":0,"comment_status":"closed","ping_status":"closed","template":"","meta":{"footnotes":""},"class_list":["post-303","page","type-page","status-publish","hentry"],"_links":{"self":[{"href":"https:\/\/sw-ift.co.za\/de\/wp-json\/wp\/v2\/pages\/303","targetHints":{"allow":["GET"]}}],"collection":[{"href":"https:\/\/sw-ift.co.za\/de\/wp-json\/wp\/v2\/pages"}],"about":[{"href":"https:\/\/sw-ift.co.za\/de\/wp-json\/wp\/v2\/types\/page"}],"author":[{"embeddable":true,"href":"https:\/\/sw-ift.co.za\/de\/wp-json\/wp\/v2\/users\/8"}],"replies":[{"embeddable":true,"href":"https:\/\/sw-ift.co.za\/de\/wp-json\/wp\/v2\/comments?post=303"}],"version-history":[{"count":0,"href":"https:\/\/sw-ift.co.za\/de\/wp-json\/wp\/v2\/pages\/303\/revisions"}],"wp:attachment":[{"href":"https:\/\/sw-ift.co.za\/de\/wp-json\/wp\/v2\/media?parent=303"}],"curies":[{"name":"wp","href":"https:\/\/api.w.org\/{rel}","templated":true}]}}