{"id":3567,"date":"2024-11-08T05:29:55","date_gmt":"2024-11-08T05:29:55","guid":{"rendered":"https:\/\/sw-ift.co.za\/?page_id=3567"},"modified":"2024-12-25T22:02:21","modified_gmt":"2024-12-25T22:02:21","slug":"investor","status":"publish","type":"page","link":"https:\/\/sw-ift.co.za\/de\/contact\/investor\/","title":{"rendered":"Contact For Investor"},"content":{"rendered":"<div data-elementor-type=\"wp-page\" data-elementor-id=\"3567\" class=\"elementor elementor-3567\" data-elementor-settings=\"{&quot;element_pack_global_tooltip_width&quot;:{&quot;unit&quot;:&quot;px&quot;,&quot;size&quot;:&quot;&quot;,&quot;sizes&quot;:[]},&quot;element_pack_global_tooltip_width_tablet&quot;:{&quot;unit&quot;:&quot;px&quot;,&quot;size&quot;:&quot;&quot;,&quot;sizes&quot;:[]},&quot;element_pack_global_tooltip_width_mobile&quot;:{&quot;unit&quot;:&quot;px&quot;,&quot;size&quot;:&quot;&quot;,&quot;sizes&quot;:[]},&quot;element_pack_global_tooltip_padding&quot;:{&quot;unit&quot;:&quot;px&quot;,&quot;top&quot;:&quot;&quot;,&quot;right&quot;:&quot;&quot;,&quot;bottom&quot;:&quot;&quot;,&quot;left&quot;:&quot;&quot;,&quot;isLinked&quot;:true},&quot;element_pack_global_tooltip_padding_tablet&quot;:{&quot;unit&quot;:&quot;px&quot;,&quot;top&quot;:&quot;&quot;,&quot;right&quot;:&quot;&quot;,&quot;bottom&quot;:&quot;&quot;,&quot;left&quot;:&quot;&quot;,&quot;isLinked&quot;:true},&quot;element_pack_global_tooltip_padding_mobile&quot;:{&quot;unit&quot;:&quot;px&quot;,&quot;top&quot;:&quot;&quot;,&quot;right&quot;:&quot;&quot;,&quot;bottom&quot;:&quot;&quot;,&quot;left&quot;:&quot;&quot;,&quot;isLinked&quot;:true},&quot;element_pack_global_tooltip_border_radius&quot;:{&quot;unit&quot;:&quot;px&quot;,&quot;top&quot;:&quot;&quot;,&quot;right&quot;:&quot;&quot;,&quot;bottom&quot;:&quot;&quot;,&quot;left&quot;:&quot;&quot;,&quot;isLinked&quot;:true},&quot;element_pack_global_tooltip_border_radius_tablet&quot;:{&quot;unit&quot;:&quot;px&quot;,&quot;top&quot;:&quot;&quot;,&quot;right&quot;:&quot;&quot;,&quot;bottom&quot;:&quot;&quot;,&quot;left&quot;:&quot;&quot;,&quot;isLinked&quot;:true},&quot;element_pack_global_tooltip_border_radius_mobile&quot;:{&quot;unit&quot;:&quot;px&quot;,&quot;top&quot;:&quot;&quot;,&quot;right&quot;:&quot;&quot;,&quot;bottom&quot;:&quot;&quot;,&quot;left&quot;:&quot;&quot;,&quot;isLinked&quot;:true}}\" data-elementor-post-type=\"page\">\n\t\t\t\t<div class=\"elementor-element elementor-element-6bd01447 hero_section e-flex e-con-boxed elementor-invisible e-con e-parent\" data-id=\"6bd01447\" data-element_type=\"container\" id=\"carousel\" data-settings=\"{&quot;background_background&quot;:&quot;gradient&quot;,&quot;animation&quot;:&quot;fadeIn&quot;,&quot;animation_delay&quot;:&quot;160&quot;}\">\n\t\t\t\t\t<div class=\"e-con-inner\">\n\t\t<div class=\"elementor-element elementor-element-398e5fa6 e-con-full e-flex e-con e-child\" data-id=\"398e5fa6\" data-element_type=\"container\">\n\t\t\t\t<div class=\"elementor-element elementor-element-3a0eac1d elementor-widget__width-initial elementor-widget-tablet__width-initial elementor-widget-mobile__width-inherit ui-e-a-animate elementor-widget elementor-widget-highlighted-text\" data-id=\"3a0eac1d\" data-element_type=\"widget\" data-widget_type=\"highlighted-text.default\">\n\t\t\t\t<div class=\"elementor-widget-container\">\n\t\t\t\t\t        <h2 class=\"ui-e--highlighted-text\">\n            <span class=\"ui-e-headline-text elementor-repeater-item-9f571d1\">Investor-Anfragen<\/span>        <\/h2>\n    \t\t\t\t<\/div>\n\t\t\t\t<\/div>\n\t\t\t\t<div class=\"elementor-element elementor-element-9d1bf58 elementor-widget__width-initial elementor-widget elementor-widget-text-editor\" data-id=\"9d1bf58\" data-element_type=\"widget\" data-widget_type=\"text-editor.default\">\n\t\t\t\t<div class=\"elementor-widget-container\">\n\t\t\t\t\t\t\t\t\tErkunden Sie Anlagem\u00f6glichkeiten mit SWIFT. F\u00fcllen Sie das Formular aus, und unser Team wird Sie mit ma\u00dfgeschneiderten Informationen und engagierter Unterst\u00fctzung dabei unterst\u00fctzen, Ihre Investitionen mit Ihren finanziellen Zielen in Einklang zu bringen.\t\t\t\t\t\t\t\t<\/div>\n\t\t\t\t<\/div>\n\t\t\t\t<\/div>\n\t\t<div class=\"elementor-element elementor-element-4af4c0c e-con-full e-flex e-con e-child\" data-id=\"4af4c0c\" data-element_type=\"container\">\n\t\t<div class=\"elementor-element elementor-element-3df0740 e-con-full e-flex e-con e-child\" data-id=\"3df0740\" data-element_type=\"container\" data-settings=\"{&quot;background_background&quot;:&quot;classic&quot;}\">\n\t\t\t\t<div class=\"elementor-element elementor-element-2b84659 elementor-widget__width-initial elementor-button-align-stretch elementor-widget elementor-widget-form\" data-id=\"2b84659\" data-element_type=\"widget\" data-settings=\"{&quot;step_next_label&quot;:&quot;Next&quot;,&quot;step_previous_label&quot;:&quot;Previous&quot;,&quot;button_width&quot;:&quot;100&quot;,&quot;step_type&quot;:&quot;number_text&quot;,&quot;step_icon_shape&quot;:&quot;circle&quot;}\" data-widget_type=\"form.default\">\n\t\t\t\t<div class=\"elementor-widget-container\">\n\t\t\t\t\t\t\t<form class=\"elementor-form\" method=\"post\" name=\"CF-Investor\" aria-label=\"CF-Investor\" action=\"\">\n\t\t\t<input type=\"hidden\" name=\"post_id\" value=\"3567\"\/>\n\t\t\t<input type=\"hidden\" name=\"form_id\" value=\"2b84659\"\/>\n\t\t\t<input type=\"hidden\" name=\"referer_title\" value=\"\" \/>\n\n\t\t\t\n\t\t\t<div class=\"elementor-form-fields-wrapper elementor-labels-above\">\n\t\t\t\t\t\t\t\t<div class=\"elementor-field-type-text elementor-field-group elementor-column elementor-field-group-field_78da36b elementor-col-100 elementor-field-required\">\n\t\t\t\t\t\t\t\t\t\t\t\t<label for=\"form-field-field_78da36b\" class=\"elementor-field-label\">\n\t\t\t\t\t\t\t\tInvestition Thema\t\t\t\t\t\t\t<\/label>\n\t\t\t\t\t\t\t\t\t\t\t\t\t\t<input size=\"1\" type=\"text\" name=\"form_fields[field_78da36b]\" id=\"form-field-field_78da36b\" class=\"elementor-field elementor-size-md  elementor-field-textual\" placeholder=\"Investition Thema\" required=\"required\">\n\t\t\t\t\t\t\t\t\t\t\t<\/div>\n\t\t\t\t\t\t\t\t<div class=\"elementor-field-type-text elementor-field-group elementor-column elementor-field-group-name elementor-col-50 elementor-md-100 elementor-field-required\">\n\t\t\t\t\t\t\t\t\t\t\t\t<label for=\"form-field-name\" class=\"elementor-field-label\">\n\t\t\t\t\t\t\t\tVorname\t\t\t\t\t\t\t<\/label>\n\t\t\t\t\t\t\t\t\t\t\t\t\t\t<input size=\"1\" type=\"text\" name=\"form_fields[name]\" id=\"form-field-name\" class=\"elementor-field elementor-size-md  elementor-field-textual\" placeholder=\"Vorname\" required=\"required\">\n\t\t\t\t\t\t\t\t\t\t\t<\/div>\n\t\t\t\t\t\t\t\t<div class=\"elementor-field-type-text elementor-field-group elementor-column elementor-field-group-field_4b0d794 elementor-col-50 elementor-md-100 elementor-field-required\">\n\t\t\t\t\t\t\t\t\t\t\t\t<label for=\"form-field-field_4b0d794\" class=\"elementor-field-label\">\n\t\t\t\t\t\t\t\tNachname\t\t\t\t\t\t\t<\/label>\n\t\t\t\t\t\t\t\t\t\t\t\t\t\t<input size=\"1\" type=\"text\" name=\"form_fields[field_4b0d794]\" id=\"form-field-field_4b0d794\" class=\"elementor-field elementor-size-md  elementor-field-textual\" placeholder=\"Nachname\" required=\"required\">\n\t\t\t\t\t\t\t\t\t\t\t<\/div>\n\t\t\t\t\t\t\t\t<div class=\"elementor-field-type-email elementor-field-group elementor-column elementor-field-group-email elementor-col-50 elementor-md-100 elementor-field-required\">\n\t\t\t\t\t\t\t\t\t\t\t\t<label for=\"form-field-email\" class=\"elementor-field-label\">\n\t\t\t\t\t\t\t\tE-Mail\t\t\t\t\t\t\t<\/label>\n\t\t\t\t\t\t\t\t\t\t\t\t\t\t<input size=\"1\" type=\"email\" name=\"form_fields[email]\" id=\"form-field-email\" class=\"elementor-field elementor-size-md  elementor-field-textual\" placeholder=\"E-Mail\" required=\"required\">\n\t\t\t\t\t\t\t\t\t\t\t<\/div>\n\t\t\t\t\t\t\t\t<div class=\"elementor-field-type-tel elementor-field-group elementor-column elementor-field-group-field_2513a0b elementor-col-50 elementor-md-100 elementor-field-required\">\n\t\t\t\t\t\t\t\t\t\t\t\t<label for=\"form-field-field_2513a0b\" class=\"elementor-field-label\">\n\t\t\t\t\t\t\t\tTelefon Nr.\t\t\t\t\t\t\t<\/label>\n\t\t\t\t\t\t\t\t<input size=\"1\" type=\"tel\" name=\"form_fields[field_2513a0b]\" id=\"form-field-field_2513a0b\" class=\"elementor-field elementor-size-md  elementor-field-textual\" placeholder=\"Telefon Nr.\" required=\"required\" pattern=\"[0-9()#&amp;+*-=.]+\" title=\"Nur Nummern oder Telefon-Zeichen (#, -, *, etc) werden akzeptiert.\">\n\n\t\t\t\t\t\t<\/div>\n\t\t\t\t\t\t\t\t<div class=\"elementor-field-type-text elementor-field-group elementor-column elementor-field-group-field_2d0e9e5 elementor-col-100\">\n\t\t\t\t\t\t\t\t\t\t\t\t<label for=\"form-field-field_2d0e9e5\" class=\"elementor-field-label\">\n\t\t\t\t\t\t\t\tTitel\t\t\t\t\t\t\t<\/label>\n\t\t\t\t\t\t\t\t\t\t\t\t\t\t<input size=\"1\" type=\"text\" name=\"form_fields[field_2d0e9e5]\" id=\"form-field-field_2d0e9e5\" class=\"elementor-field elementor-size-md  elementor-field-textual\" placeholder=\"Titel\">\n\t\t\t\t\t\t\t\t\t\t\t<\/div>\n\t\t\t\t\t\t\t\t<div class=\"elementor-field-type-radio elementor-field-group elementor-column elementor-field-group-field_075b8ad elementor-col-100 elementor-field-required\">\n\t\t\t\t\t\t\t\t\t\t\t\t<label for=\"form-field-field_075b8ad\" class=\"elementor-field-label\">\n\t\t\t\t\t\t\t\tGeschlecht\t\t\t\t\t\t\t<\/label>\n\t\t\t\t\t\t<div class=\"elementor-field-subgroup  elementor-subgroup-inline\"><span class=\"elementor-field-option\"><input type=\"radio\" value=\"Male \" id=\"form-field-field_075b8ad-0\" name=\"form_fields[field_075b8ad]\" required=\"required\"> <label for=\"form-field-field_075b8ad-0\">M\u00e4nnlich <\/label><\/span><span class=\"elementor-field-option\"><input type=\"radio\" value=\"Female\" id=\"form-field-field_075b8ad-1\" name=\"form_fields[field_075b8ad]\" required=\"required\"> <label for=\"form-field-field_075b8ad-1\">Weiblich<\/label><\/span><\/div>\t\t\t\t<\/div>\n\t\t\t\t\t\t\t\t<div class=\"elementor-field-type-textarea elementor-field-group elementor-column elementor-field-group-message elementor-col-100 elementor-field-required\">\n\t\t\t\t\t\t\t\t\t\t\t\t<label for=\"form-field-message\" class=\"elementor-field-label\">\n\t\t\t\t\t\t\t\tNachricht\t\t\t\t\t\t\t<\/label>\n\t\t\t\t\t\t<textarea class=\"elementor-field-textual elementor-field  elementor-size-md\" name=\"form_fields[message]\" id=\"form-field-message\" rows=\"4\" placeholder=\"Nachricht\" required=\"required\"><\/textarea>\t\t\t\t<\/div>\n\t\t\t\t\t\t\t\t<div class=\"elementor-field-type-acceptance elementor-field-group elementor-column elementor-field-group-field_00f84c5 elementor-col-100 elementor-field-required\">\n\t\t\t\t\t\t\t\t\t\t\t\t<label for=\"form-field-field_00f84c5\" class=\"elementor-field-label\">\n\t\t\t\t\t\t\t\tGDPR-Zustimmung\t\t\t\t\t\t\t<\/label>\n\t\t\t\t\t\t\t\t<div class=\"elementor-field-subgroup\">\n\t\t\t<span class=\"elementor-field-option\">\n\t\t\t\t<input type=\"checkbox\" name=\"form_fields[field_00f84c5]\" id=\"form-field-field_00f84c5\" class=\"elementor-field elementor-size-md  elementor-acceptance-field\" required=\"required\">\n\t\t\t\t<label for=\"form-field-field_00f84c5\">Ich stimme der Datenschutzerkl\u00e4rung der SWIFT Holding GmbH zu und erkl\u00e4re mich mit der Verarbeitung meiner pers\u00f6nlichen Daten in \u00dcbereinstimmung mit den GDPR-Vorschriften einverstanden.<\/label>\t\t\t<\/span>\n\t\t<\/div>\n\t\t\t\t\t\t<\/div>\n\t\t\t\t\t\t\t\t<div class=\"elementor-field-group elementor-column elementor-field-type-submit elementor-col-100 e-form__buttons\">\n\t\t\t\t\t<button class=\"elementor-button elementor-size-md\" type=\"submit\">\n\t\t\t\t\t\t<span class=\"elementor-button-content-wrapper\">\n\t\t\t\t\t\t\t\t\t\t\t\t\t\t\t\t\t\t\t\t\t\t<span class=\"elementor-button-text\">Nachricht senden<\/span>\n\t\t\t\t\t\t\t\t\t\t\t\t\t<\/span>\n\t\t\t\t\t<\/button>\n\t\t\t\t<\/div>\n\t\t\t<\/div>\n\t\t<input type=\"hidden\" name=\"trp-form-language\" value=\"de\"\/><\/form>\n\t\t\t\t\t\t<\/div>\n\t\t\t\t<\/div>\n\t\t\t\t<div class=\"elementor-element elementor-element-ccf8b9c elementor-widget elementor-widget-text-editor\" data-id=\"ccf8b9c\" data-element_type=\"widget\" data-widget_type=\"text-editor.default\">\n\t\t\t\t<div class=\"elementor-widget-container\">\n\t\t\t\t\t\t\t\t\t<p><strong>Haftungsausschluss<\/strong>: Indem Sie dieses Formular ausf\u00fcllen und abschicken, best\u00e4tigen Sie, dass Sie unser Formular gelesen und verstanden haben und sich damit einverstanden erkl\u00e4ren.<span style=\"color: #000000;\"> <a style=\"color: #000000;\" href=\"https:\/\/sw-ift.co.za\/de\/legal\/terms-and-conditions\/\">Allgemeine Gesch\u00e4ftsbedingungen<\/a> und <a style=\"color: #000000;\" href=\"https:\/\/sw-ift.co.za\/de\/legal\/privacy-policy\/\">Datenschutzbestimmungen<\/a>.<\/span>\u00a0 Wenn Sie mit diesen Bedingungen nicht einverstanden sind, sehen Sie bitte von der \u00dcbermittlung Ihrer Daten ab.<\/p>\t\t\t\t\t\t\t\t<\/div>\n\t\t\t\t<\/div>\n\t\t\t\t<\/div>\n\t\t\t\t<\/div>\n\t\t\t\t\t<\/div>\n\t\t\t\t<\/div>\n\t\t\t\t<\/div>","protected":false},"excerpt":{"rendered":"<p>Investor Inquiries Explore investment opportunities with SWIFT. Fill out the form, and our team will provide tailored information and dedicated support to [&hellip;]<\/p>","protected":false},"author":8,"featured_media":0,"parent":303,"menu_order":0,"comment_status":"closed","ping_status":"closed","template":"","meta":{"footnotes":""},"class_list":["post-3567","page","type-page","status-publish","hentry"],"_links":{"self":[{"href":"https:\/\/sw-ift.co.za\/de\/wp-json\/wp\/v2\/pages\/3567","targetHints":{"allow":["GET"]}}],"collection":[{"href":"https:\/\/sw-ift.co.za\/de\/wp-json\/wp\/v2\/pages"}],"about":[{"href":"https:\/\/sw-ift.co.za\/de\/wp-json\/wp\/v2\/types\/page"}],"author":[{"embeddable":true,"href":"https:\/\/sw-ift.co.za\/de\/wp-json\/wp\/v2\/users\/8"}],"replies":[{"embeddable":true,"href":"https:\/\/sw-ift.co.za\/de\/wp-json\/wp\/v2\/comments?post=3567"}],"version-history":[{"count":0,"href":"https:\/\/sw-ift.co.za\/de\/wp-json\/wp\/v2\/pages\/3567\/revisions"}],"up":[{"embeddable":true,"href":"https:\/\/sw-ift.co.za\/de\/wp-json\/wp\/v2\/pages\/303"}],"wp:attachment":[{"href":"https:\/\/sw-ift.co.za\/de\/wp-json\/wp\/v2\/media?parent=3567"}],"curies":[{"name":"wp","href":"https:\/\/api.w.org\/{rel}","templated":true}]}}