{"id":5938,"date":"2024-11-15T09:50:48","date_gmt":"2024-11-15T09:50:48","guid":{"rendered":"https:\/\/sw-ift.co.za\/?page_id=5938"},"modified":"2024-12-23T18:44:45","modified_gmt":"2024-12-23T18:44:45","slug":"wahlen-sie","status":"publish","type":"page","link":"https:\/\/sw-ift.co.za\/de\/investors\/wahlen-sie\/","title":{"rendered":"Select Page"},"content":{"rendered":"<div data-elementor-type=\"wp-page\" data-elementor-id=\"5938\" class=\"elementor elementor-5938\" data-elementor-settings=\"{&quot;element_pack_global_tooltip_width&quot;:{&quot;unit&quot;:&quot;px&quot;,&quot;size&quot;:&quot;&quot;,&quot;sizes&quot;:[]},&quot;element_pack_global_tooltip_width_tablet&quot;:{&quot;unit&quot;:&quot;px&quot;,&quot;size&quot;:&quot;&quot;,&quot;sizes&quot;:[]},&quot;element_pack_global_tooltip_width_mobile&quot;:{&quot;unit&quot;:&quot;px&quot;,&quot;size&quot;:&quot;&quot;,&quot;sizes&quot;:[]},&quot;element_pack_global_tooltip_padding&quot;:{&quot;unit&quot;:&quot;px&quot;,&quot;top&quot;:&quot;&quot;,&quot;right&quot;:&quot;&quot;,&quot;bottom&quot;:&quot;&quot;,&quot;left&quot;:&quot;&quot;,&quot;isLinked&quot;:true},&quot;element_pack_global_tooltip_padding_tablet&quot;:{&quot;unit&quot;:&quot;px&quot;,&quot;top&quot;:&quot;&quot;,&quot;right&quot;:&quot;&quot;,&quot;bottom&quot;:&quot;&quot;,&quot;left&quot;:&quot;&quot;,&quot;isLinked&quot;:true},&quot;element_pack_global_tooltip_padding_mobile&quot;:{&quot;unit&quot;:&quot;px&quot;,&quot;top&quot;:&quot;&quot;,&quot;right&quot;:&quot;&quot;,&quot;bottom&quot;:&quot;&quot;,&quot;left&quot;:&quot;&quot;,&quot;isLinked&quot;:true},&quot;element_pack_global_tooltip_border_radius&quot;:{&quot;unit&quot;:&quot;px&quot;,&quot;top&quot;:&quot;&quot;,&quot;right&quot;:&quot;&quot;,&quot;bottom&quot;:&quot;&quot;,&quot;left&quot;:&quot;&quot;,&quot;isLinked&quot;:true},&quot;element_pack_global_tooltip_border_radius_tablet&quot;:{&quot;unit&quot;:&quot;px&quot;,&quot;top&quot;:&quot;&quot;,&quot;right&quot;:&quot;&quot;,&quot;bottom&quot;:&quot;&quot;,&quot;left&quot;:&quot;&quot;,&quot;isLinked&quot;:true},&quot;element_pack_global_tooltip_border_radius_mobile&quot;:{&quot;unit&quot;:&quot;px&quot;,&quot;top&quot;:&quot;&quot;,&quot;right&quot;:&quot;&quot;,&quot;bottom&quot;:&quot;&quot;,&quot;left&quot;:&quot;&quot;,&quot;isLinked&quot;:true}}\" data-elementor-post-type=\"page\">\n\t\t\t\t<div class=\"elementor-element elementor-element-69b949a4 hero_section e-flex e-con-boxed elementor-invisible e-con e-parent\" data-id=\"69b949a4\" data-element_type=\"container\" data-settings=\"{&quot;background_background&quot;:&quot;gradient&quot;,&quot;animation&quot;:&quot;fadeIn&quot;,&quot;animation_delay&quot;:&quot;160&quot;}\">\n\t\t\t\t\t<div class=\"e-con-inner\">\n\t\t<div class=\"elementor-element elementor-element-66f74111 e-con-full e-flex e-con e-child\" data-id=\"66f74111\" data-element_type=\"container\">\n\t\t<div class=\"elementor-element elementor-element-c4463b7 e-con-full e-flex e-con e-child\" data-id=\"c4463b7\" data-element_type=\"container\">\n\t\t\t\t<div class=\"elementor-element elementor-element-83b6782 elementor-widget elementor-widget-heading\" data-id=\"83b6782\" data-element_type=\"widget\" data-widget_type=\"heading.default\">\n\t\t\t\t<div class=\"elementor-widget-container\">\n\t\t\t\t\t<h2 class=\"elementor-heading-title elementor-size-default\">Investor Relations<\/h2>\t\t\t\t<\/div>\n\t\t\t\t<\/div>\n\t\t\t\t<\/div>\n\t\t<div class=\"elementor-element elementor-element-4ad23df e-con-full e-flex e-con e-child\" data-id=\"4ad23df\" data-element_type=\"container\">\n\t\t\t\t<div class=\"elementor-element elementor-element-a05dada elementor-align-right elementor-widget elementor-widget-bdt-creative-button\" data-id=\"a05dada\" data-element_type=\"widget\" data-widget_type=\"bdt-creative-button.default\">\n\t\t\t\t<div class=\"elementor-widget-container\">\n\t\t\t\t\t\t\t\t\t\t<a href=\"https:\/\/sw-ift.co.za\/de\/request-access\/\" target=\"_blank\" class=\"bdt-ep-creative-button bdt-ep-creative-button--reklo\">\n\t\t\t\t<span>Weiter zu Valgrind<\/span>\n\t\t\t\t<i class=\"ep-icon-arrow-right-0\"><\/i>\n\t\t\t<\/a>\n\t\t\n\t\t\t\t\t\t<\/div>\n\t\t\t\t<\/div>\n\t\t\t\t<\/div>\n\t\t\t\t<\/div>\n\t\t<div class=\"elementor-element elementor-element-2853188 e-con-full e-flex e-con e-child\" data-id=\"2853188\" data-element_type=\"container\">\n\t\t<div class=\"elementor-element elementor-element-dea19fb e-con-full e-flex e-con e-child\" data-id=\"dea19fb\" data-element_type=\"container\" data-settings=\"{&quot;background_background&quot;:&quot;classic&quot;}\">\n\t\t\t\t<div class=\"elementor-element elementor-element-cec44a7 elementor-widget elementor-widget-heading\" data-id=\"cec44a7\" data-element_type=\"widget\" data-widget_type=\"heading.default\">\n\t\t\t\t<div class=\"elementor-widget-container\">\n\t\t\t\t\t<p class=\"elementor-heading-title elementor-size-default\">Privatanleger<\/p>\t\t\t\t<\/div>\n\t\t\t\t<\/div>\n\t\t\t\t<div class=\"elementor-element elementor-element-eac827f elementor-widget elementor-widget-text-editor\" data-id=\"eac827f\" data-element_type=\"widget\" data-widget_type=\"text-editor.default\">\n\t\t\t\t<div class=\"elementor-widget-container\">\n\t\t\t\t\t\t\t\t\t<p>Erschlie\u00dfen Sie mit der SWIFT Holding ma\u00dfgeschneiderte Anlagem\u00f6glichkeiten. Von renditestarken Immobilienprojekten bis hin zu diversifizierten Verm\u00f6gensverwaltungsl\u00f6sungen - unsere ma\u00dfgeschneiderten Angebote sorgen daf\u00fcr, dass Ihr Portfolio Ihren Vorstellungen entspricht.<\/p>\t\t\t\t\t\t\t\t<\/div>\n\t\t\t\t<\/div>\n\t\t\t\t<div class=\"elementor-element elementor-element-ac4dd91 elementor-widget__width-auto elementor-align-left elementor-widget elementor-widget-bdt-creative-button\" data-id=\"ac4dd91\" data-element_type=\"widget\" data-widget_type=\"bdt-creative-button.default\">\n\t\t\t\t<div class=\"elementor-widget-container\">\n\t\t\t\t\t\t\t\t\t\t<a href=\"https:\/\/sw-ift.co.za\/de\/create-account\/\" class=\"bdt-ep-creative-button bdt-ep-creative-button--reklo\">\n\t\t\t\t<span>Konto erstellen<\/span>\n\t\t\t\t<i class=\"ep-icon-arrow-right-0\"><\/i>\n\t\t\t<\/a>\n\t\t\n\t\t\t\t\t\t<\/div>\n\t\t\t\t<\/div>\n\t\t\t\t<\/div>\n\t\t<div class=\"elementor-element elementor-element-dbccd93 e-con-full e-flex e-con e-child\" data-id=\"dbccd93\" data-element_type=\"container\" data-settings=\"{&quot;background_background&quot;:&quot;classic&quot;}\">\n\t\t\t\t<div class=\"elementor-element elementor-element-8a23f5f elementor-widget elementor-widget-heading\" data-id=\"8a23f5f\" data-element_type=\"widget\" data-widget_type=\"heading.default\">\n\t\t\t\t<div class=\"elementor-widget-container\">\n\t\t\t\t\t<p class=\"elementor-heading-title elementor-size-default\">Institutionelle Anleger<\/p>\t\t\t\t<\/div>\n\t\t\t\t<\/div>\n\t\t\t\t<div class=\"elementor-element elementor-element-d75f350 elementor-widget elementor-widget-text-editor\" data-id=\"d75f350\" data-element_type=\"widget\" data-widget_type=\"text-editor.default\">\n\t\t\t\t<div class=\"elementor-widget-container\">\n\t\t\t\t\t\t\t\t\tGehen Sie eine Partnerschaft mit uns ein, um strategische Chancen f\u00fcr ein gro\u00dfes Wachstum zu nutzen. Unsere Dienstleistungen f\u00fcr institutionelle Kunden sind auf die anspruchsvollen Bed\u00fcrfnisse von Unternehmen zugeschnitten, die langfristig Verm\u00f6gen aufbauen und diversifizieren m\u00f6chten.\t\t\t\t\t\t\t\t<\/div>\n\t\t\t\t<\/div>\n\t\t\t\t<div class=\"elementor-element elementor-element-1c8a688 elementor-widget__width-auto elementor-align-left elementor-widget elementor-widget-bdt-creative-button\" data-id=\"1c8a688\" data-element_type=\"widget\" data-widget_type=\"bdt-creative-button.default\">\n\t\t\t\t<div class=\"elementor-widget-container\">\n\t\t\t\t\t\t\t\t\t\t<a href=\"https:\/\/sw-ift.co.za\/de\/contact\/institute-investor\/\" class=\"bdt-ep-creative-button bdt-ep-creative-button--reklo\">\n\t\t\t\t<span>Kontakt aufnehmen<\/span>\n\t\t\t\t<i class=\"ep-icon-arrow-right-0\"><\/i>\n\t\t\t<\/a>\n\t\t\n\t\t\t\t\t\t<\/div>\n\t\t\t\t<\/div>\n\t\t\t\t<\/div>\n\t\t<div class=\"elementor-element elementor-element-e7e01a5 e-con-full e-flex e-con e-child\" data-id=\"e7e01a5\" data-element_type=\"container\" data-settings=\"{&quot;background_background&quot;:&quot;classic&quot;}\">\n\t\t\t\t<div class=\"elementor-element elementor-element-78d4bd0 elementor-widget elementor-widget-heading\" data-id=\"78d4bd0\" data-element_type=\"widget\" data-widget_type=\"heading.default\">\n\t\t\t\t<div class=\"elementor-widget-container\">\n\t\t\t\t\t<p class=\"elementor-heading-title elementor-size-default\">Investor Kontakt<\/p>\t\t\t\t<\/div>\n\t\t\t\t<\/div>\n\t\t\t\t<div class=\"elementor-element elementor-element-7d8a59c elementor-widget elementor-widget-text-editor\" data-id=\"7d8a59c\" data-element_type=\"widget\" data-widget_type=\"text-editor.default\">\n\t\t\t\t<div class=\"elementor-widget-container\">\n\t\t\t\t\t\t\t\t\t<p>Haben Sie Fragen oder ben\u00f6tigen Sie Hilfe? Unser engagiertes Investor Relations-Team ist f\u00fcr Sie da. Setzen Sie sich mit uns in Verbindung, um Ihre Anlageziele zu besprechen und herauszufinden, wie die SWIFT Holding Ihnen helfen kann, Ihre finanzielle Zukunft zu sichern.<\/p>\t\t\t\t\t\t\t\t<\/div>\n\t\t\t\t<\/div>\n\t\t\t\t<div class=\"elementor-element elementor-element-4523b28 elementor-widget__width-auto elementor-align-left elementor-widget elementor-widget-bdt-creative-button\" data-id=\"4523b28\" data-element_type=\"widget\" data-widget_type=\"bdt-creative-button.default\">\n\t\t\t\t<div class=\"elementor-widget-container\">\n\t\t\t\t\t\t\t\t\t\t<a href=\"https:\/\/sw-ift.co.za\/de\/contact\/investor\/\" class=\"bdt-ep-creative-button bdt-ep-creative-button--reklo\">\n\t\t\t\t<span>Kontakt<\/span>\n\t\t\t\t<i class=\"ep-icon-arrow-right-0\"><\/i>\n\t\t\t<\/a>\n\t\t\n\t\t\t\t\t\t<\/div>\n\t\t\t\t<\/div>\n\t\t\t\t<\/div>\n\t\t\t\t<\/div>\n\t\t\t\t\t<\/div>\n\t\t\t\t<\/div>\n\t\t\t\t<\/div>","protected":false},"excerpt":{"rendered":"<p>Investor Relations Continue to Valgrind Individual Investors Unlock tailored investment opportunities with SWIFT Holding. From high-return real estate projects to diversified asset [&hellip;]<\/p>","protected":false},"author":8,"featured_media":0,"parent":2843,"menu_order":0,"comment_status":"closed","ping_status":"closed","template":"","meta":{"footnotes":""},"class_list":["post-5938","page","type-page","status-publish","hentry"],"_links":{"self":[{"href":"https:\/\/sw-ift.co.za\/de\/wp-json\/wp\/v2\/pages\/5938","targetHints":{"allow":["GET"]}}],"collection":[{"href":"https:\/\/sw-ift.co.za\/de\/wp-json\/wp\/v2\/pages"}],"about":[{"href":"https:\/\/sw-ift.co.za\/de\/wp-json\/wp\/v2\/types\/page"}],"author":[{"embeddable":true,"href":"https:\/\/sw-ift.co.za\/de\/wp-json\/wp\/v2\/users\/8"}],"replies":[{"embeddable":true,"href":"https:\/\/sw-ift.co.za\/de\/wp-json\/wp\/v2\/comments?post=5938"}],"version-history":[{"count":0,"href":"https:\/\/sw-ift.co.za\/de\/wp-json\/wp\/v2\/pages\/5938\/revisions"}],"up":[{"embeddable":true,"href":"https:\/\/sw-ift.co.za\/de\/wp-json\/wp\/v2\/pages\/2843"}],"wp:attachment":[{"href":"https:\/\/sw-ift.co.za\/de\/wp-json\/wp\/v2\/media?parent=5938"}],"curies":[{"name":"wp","href":"https:\/\/api.w.org\/{rel}","templated":true}]}}