{"id":3584,"date":"2024-11-08T06:03:57","date_gmt":"2024-11-08T06:03:57","guid":{"rendered":"https:\/\/sw-ift.co.za\/?page_id=3584"},"modified":"2024-12-25T22:01:17","modified_gmt":"2024-12-25T22:01:17","slug":"vendor","status":"publish","type":"page","link":"https:\/\/sw-ift.co.za\/zh\/contact\/vendor\/","title":{"rendered":"Contact For Vendor &#038; Suppliers"},"content":{"rendered":"<div data-elementor-type=\"wp-page\" data-elementor-id=\"3584\" class=\"elementor elementor-3584\" data-elementor-settings=\"{&quot;element_pack_global_tooltip_width&quot;:{&quot;unit&quot;:&quot;px&quot;,&quot;size&quot;:&quot;&quot;,&quot;sizes&quot;:[]},&quot;element_pack_global_tooltip_width_tablet&quot;:{&quot;unit&quot;:&quot;px&quot;,&quot;size&quot;:&quot;&quot;,&quot;sizes&quot;:[]},&quot;element_pack_global_tooltip_width_mobile&quot;:{&quot;unit&quot;:&quot;px&quot;,&quot;size&quot;:&quot;&quot;,&quot;sizes&quot;:[]},&quot;element_pack_global_tooltip_padding&quot;:{&quot;unit&quot;:&quot;px&quot;,&quot;top&quot;:&quot;&quot;,&quot;right&quot;:&quot;&quot;,&quot;bottom&quot;:&quot;&quot;,&quot;left&quot;:&quot;&quot;,&quot;isLinked&quot;:true},&quot;element_pack_global_tooltip_padding_tablet&quot;:{&quot;unit&quot;:&quot;px&quot;,&quot;top&quot;:&quot;&quot;,&quot;right&quot;:&quot;&quot;,&quot;bottom&quot;:&quot;&quot;,&quot;left&quot;:&quot;&quot;,&quot;isLinked&quot;:true},&quot;element_pack_global_tooltip_padding_mobile&quot;:{&quot;unit&quot;:&quot;px&quot;,&quot;top&quot;:&quot;&quot;,&quot;right&quot;:&quot;&quot;,&quot;bottom&quot;:&quot;&quot;,&quot;left&quot;:&quot;&quot;,&quot;isLinked&quot;:true},&quot;element_pack_global_tooltip_border_radius&quot;:{&quot;unit&quot;:&quot;px&quot;,&quot;top&quot;:&quot;&quot;,&quot;right&quot;:&quot;&quot;,&quot;bottom&quot;:&quot;&quot;,&quot;left&quot;:&quot;&quot;,&quot;isLinked&quot;:true},&quot;element_pack_global_tooltip_border_radius_tablet&quot;:{&quot;unit&quot;:&quot;px&quot;,&quot;top&quot;:&quot;&quot;,&quot;right&quot;:&quot;&quot;,&quot;bottom&quot;:&quot;&quot;,&quot;left&quot;:&quot;&quot;,&quot;isLinked&quot;:true},&quot;element_pack_global_tooltip_border_radius_mobile&quot;:{&quot;unit&quot;:&quot;px&quot;,&quot;top&quot;:&quot;&quot;,&quot;right&quot;:&quot;&quot;,&quot;bottom&quot;:&quot;&quot;,&quot;left&quot;:&quot;&quot;,&quot;isLinked&quot;:true}}\" data-elementor-post-type=\"page\">\n\t\t\t\t<div class=\"elementor-element elementor-element-7fdfa976 hero_section e-flex e-con-boxed elementor-invisible e-con e-parent\" data-id=\"7fdfa976\" data-element_type=\"container\" id=\"carousel\" data-settings=\"{&quot;background_background&quot;:&quot;gradient&quot;,&quot;animation&quot;:&quot;fadeIn&quot;,&quot;animation_delay&quot;:&quot;160&quot;}\">\n\t\t\t\t\t<div class=\"e-con-inner\">\n\t\t<div class=\"elementor-element elementor-element-d561f03 e-con-full e-flex e-con e-child\" data-id=\"d561f03\" data-element_type=\"container\">\n\t\t\t\t<div class=\"elementor-element elementor-element-3865227b elementor-widget__width-initial elementor-widget-tablet__width-initial elementor-widget-mobile__width-inherit ui-e-a-animate elementor-widget elementor-widget-highlighted-text\" data-id=\"3865227b\" data-element_type=\"widget\" data-widget_type=\"highlighted-text.default\">\n\t\t\t\t<div class=\"elementor-widget-container\">\n\t\t\t\t\t        <h2 class=\"ui-e--highlighted-text\">\n            <span class=\"ui-e-headline-text elementor-repeater-item-9f571d1\">\u4f9b\u5e94\u5546\u54a8\u8be2<\/span>        <\/h2>\n    \t\t\t\t<\/div>\n\t\t\t\t<\/div>\n\t\t\t\t<div class=\"elementor-element elementor-element-344b2aef elementor-widget__width-initial elementor-widget elementor-widget-text-editor\" data-id=\"344b2aef\" data-element_type=\"widget\" data-widget_type=\"text-editor.default\">\n\t\t\t\t<div class=\"elementor-widget-container\">\n\t\t\t\t\t\t\t\t\t<p>\u5982\u679c\u8d35\u673a\u6784\u6709\u610f\u6210\u4e3a SWIFT Holding \u7684\u4f9b\u5e94\u5546\u5408\u4f5c\u4f19\u4f34\uff0c\u8bf7\u586b\u5199\u8868\u683c\u3002\u6211\u4eec\u7684\u91c7\u8d2d\u56e2\u961f\u5c06\u4ed4\u7ec6\u5ba1\u6838\u8d35\u673a\u6784\u63d0\u4ea4\u7684\u7533\u8bf7\uff0c\u5e76\u4e0e\u8d35\u673a\u6784\u8054\u7cfb\u8ba8\u8bba\u6f5c\u5728\u7684\u5408\u4f5c\u673a\u4f1a\u3002<\/p>\t\t\t\t\t\t\t\t<\/div>\n\t\t\t\t<\/div>\n\t\t\t\t<\/div>\n\t\t<div class=\"elementor-element elementor-element-9956835 e-con-full e-flex e-con e-child\" data-id=\"9956835\" data-element_type=\"container\">\n\t\t<div class=\"elementor-element elementor-element-205ca45 e-con-full e-flex e-con e-child\" data-id=\"205ca45\" data-element_type=\"container\" data-settings=\"{&quot;background_background&quot;:&quot;classic&quot;}\">\n\t\t\t\t<div class=\"elementor-element elementor-element-dc1cabd elementor-widget__width-initial elementor-button-align-stretch elementor-widget elementor-widget-form\" data-id=\"dc1cabd\" data-element_type=\"widget\" data-settings=\"{&quot;step_next_label&quot;:&quot;Next&quot;,&quot;step_previous_label&quot;:&quot;Previous&quot;,&quot;button_width&quot;:&quot;100&quot;,&quot;step_type&quot;:&quot;number_text&quot;,&quot;step_icon_shape&quot;:&quot;circle&quot;}\" data-widget_type=\"form.default\">\n\t\t\t\t<div class=\"elementor-widget-container\">\n\t\t\t\t\t\t\t<form class=\"elementor-form\" method=\"post\" name=\"CF-Vendor-Inquiries\" aria-label=\"CF-Vendor-Inquiries\" action=\"\">\n\t\t\t<input type=\"hidden\" name=\"post_id\" value=\"3584\"\/>\n\t\t\t<input type=\"hidden\" name=\"form_id\" value=\"dc1cabd\"\/>\n\t\t\t<input type=\"hidden\" name=\"referer_title\" value=\"SWIFT Holding | Vendor Inquiries | Partner with Us\" \/>\n\n\t\t\t\t\t\t\t<input type=\"hidden\" name=\"queried_id\" value=\"3584\"\/>\n\t\t\t\n\t\t\t<div class=\"elementor-form-fields-wrapper elementor-labels-above\">\n\t\t\t\t\t\t\t\t<div class=\"elementor-field-type-text elementor-field-group elementor-column elementor-field-group-name elementor-col-50 elementor-md-100 elementor-field-required\">\n\t\t\t\t\t\t\t\t\t\t\t\t<label for=\"form-field-name\" class=\"elementor-field-label\">\n\t\t\t\t\t\t\t\t\u59d3\u540d\t\t\t\t\t\t\t<\/label>\n\t\t\t\t\t\t\t\t\t\t\t\t\t\t<input size=\"1\" type=\"text\" name=\"form_fields[name]\" id=\"form-field-name\" class=\"elementor-field elementor-size-md  elementor-field-textual\" placeholder=\"\u59d3\u540d\" required=\"required\">\n\t\t\t\t\t\t\t\t\t\t\t<\/div>\n\t\t\t\t\t\t\t\t<div class=\"elementor-field-type-text elementor-field-group elementor-column elementor-field-group-field_4b0d794 elementor-col-50 elementor-md-100 elementor-field-required\">\n\t\t\t\t\t\t\t\t\t\t\t\t<label for=\"form-field-field_4b0d794\" class=\"elementor-field-label\">\n\t\t\t\t\t\t\t\t\u59d3\u6c0f\t\t\t\t\t\t\t<\/label>\n\t\t\t\t\t\t\t\t\t\t\t\t\t\t<input size=\"1\" type=\"text\" name=\"form_fields[field_4b0d794]\" id=\"form-field-field_4b0d794\" class=\"elementor-field elementor-size-md  elementor-field-textual\" placeholder=\"\u59d3\u6c0f\" required=\"required\">\n\t\t\t\t\t\t\t\t\t\t\t<\/div>\n\t\t\t\t\t\t\t\t<div class=\"elementor-field-type-email elementor-field-group elementor-column elementor-field-group-email elementor-col-50 elementor-md-100 elementor-field-required\">\n\t\t\t\t\t\t\t\t\t\t\t\t<label for=\"form-field-email\" class=\"elementor-field-label\">\n\t\t\t\t\t\t\t\t\u7535\u5b50\u90ae\u4ef6\t\t\t\t\t\t\t<\/label>\n\t\t\t\t\t\t\t\t\t\t\t\t\t\t<input size=\"1\" type=\"email\" name=\"form_fields[email]\" id=\"form-field-email\" class=\"elementor-field elementor-size-md  elementor-field-textual\" placeholder=\"\u7535\u5b50\u90ae\u4ef6\" required=\"required\">\n\t\t\t\t\t\t\t\t\t\t\t<\/div>\n\t\t\t\t\t\t\t\t<div class=\"elementor-field-type-tel elementor-field-group elementor-column elementor-field-group-field_2513a0b elementor-col-50 elementor-md-100 elementor-field-required\">\n\t\t\t\t\t\t\t\t\t\t\t\t<label for=\"form-field-field_2513a0b\" class=\"elementor-field-label\">\n\t\t\t\t\t\t\t\t\u7535\u8bdd\t\t\t\t\t\t\t<\/label>\n\t\t\t\t\t\t\t\t<input size=\"1\" type=\"tel\" name=\"form_fields[field_2513a0b]\" id=\"form-field-field_2513a0b\" class=\"elementor-field elementor-size-md  elementor-field-textual\" placeholder=\"\u7535\u8bdd\" required=\"required\" pattern=\"[0-9()#&amp;+*-=.]+\" title=\"Seuls les caract\u00e8res de num\u00e9ros de t\u00e9l\u00e9phone (#, -, *, etc.) sont accept\u00e9s.\" data-no-translation-title=\"\">\n\n\t\t\t\t\t\t<\/div>\n\t\t\t\t\t\t\t\t<div class=\"elementor-field-type-text elementor-field-group elementor-column elementor-field-group-field_2d0e9e5 elementor-col-100\">\n\t\t\t\t\t\t\t\t\t\t\t\t<label for=\"form-field-field_2d0e9e5\" class=\"elementor-field-label\">\n\t\t\t\t\t\t\t\t\u6807\u9898\t\t\t\t\t\t\t<\/label>\n\t\t\t\t\t\t\t\t\t\t\t\t\t\t<input size=\"1\" type=\"text\" name=\"form_fields[field_2d0e9e5]\" id=\"form-field-field_2d0e9e5\" class=\"elementor-field elementor-size-md  elementor-field-textual\" placeholder=\"\u6807\u9898\">\n\t\t\t\t\t\t\t\t\t\t\t<\/div>\n\t\t\t\t\t\t\t\t<div class=\"elementor-field-type-radio elementor-field-group elementor-column elementor-field-group-field_075b8ad elementor-col-100 elementor-field-required\">\n\t\t\t\t\t\t\t\t\t\t\t\t<label for=\"form-field-field_075b8ad\" class=\"elementor-field-label\">\n\t\t\t\t\t\t\t\t\u6027\u522b\t\t\t\t\t\t\t<\/label>\n\t\t\t\t\t\t<div class=\"elementor-field-subgroup  elementor-subgroup-inline\"><span class=\"elementor-field-option\"><input type=\"radio\" value=\"Male \" id=\"form-field-field_075b8ad-0\" name=\"form_fields[field_075b8ad]\" required=\"required\"> <label for=\"form-field-field_075b8ad-0\">\u7537 <\/label><\/span><span class=\"elementor-field-option\"><input type=\"radio\" value=\"Female\" id=\"form-field-field_075b8ad-1\" name=\"form_fields[field_075b8ad]\" required=\"required\"> <label for=\"form-field-field_075b8ad-1\">\u5973\u6027<\/label><\/span><\/div>\t\t\t\t<\/div>\n\t\t\t\t\t\t\t\t<div class=\"elementor-field-type-text elementor-field-group elementor-column elementor-field-group-field_78da36b elementor-col-100 elementor-field-required\">\n\t\t\t\t\t\t\t\t\t\t\t\t<label for=\"form-field-field_78da36b\" class=\"elementor-field-label\">\n\t\t\t\t\t\t\t\t\u4e3b\u9898\t\t\t\t\t\t\t<\/label>\n\t\t\t\t\t\t\t\t\t\t\t\t\t\t<input size=\"1\" type=\"text\" name=\"form_fields[field_78da36b]\" id=\"form-field-field_78da36b\" class=\"elementor-field elementor-size-md  elementor-field-textual\" placeholder=\"\u4e3b\u9898\" required=\"required\">\n\t\t\t\t\t\t\t\t\t\t\t<\/div>\n\t\t\t\t\t\t\t\t<div class=\"elementor-field-type-textarea elementor-field-group elementor-column elementor-field-group-message elementor-col-100 elementor-field-required\">\n\t\t\t\t\t\t\t\t\t\t\t\t<label for=\"form-field-message\" class=\"elementor-field-label\">\n\t\t\t\t\t\t\t\t\u7559\u8a00\t\t\t\t\t\t\t<\/label>\n\t\t\t\t\t\t<textarea class=\"elementor-field-textual elementor-field  elementor-size-md\" name=\"form_fields[message]\" id=\"form-field-message\" rows=\"4\" placeholder=\"\u7559\u8a00\" required=\"required\"><\/textarea>\t\t\t\t<\/div>\n\t\t\t\t\t\t\t\t<div class=\"elementor-field-type-acceptance elementor-field-group elementor-column elementor-field-group-field_a681d34 elementor-col-100 elementor-field-required\">\n\t\t\t\t\t\t\t\t\t\t\t\t<label for=\"form-field-field_a681d34\" class=\"elementor-field-label\">\n\t\t\t\t\t\t\t\tGDPR \u540c\u610f\t\t\t\t\t\t\t<\/label>\n\t\t\t\t\t\t\t\t<div class=\"elementor-field-subgroup\">\n\t\t\t<span class=\"elementor-field-option\">\n\t\t\t\t<input type=\"checkbox\" name=\"form_fields[field_a681d34]\" id=\"form-field-field_a681d34\" class=\"elementor-field elementor-size-md  elementor-acceptance-field\" required=\"required\">\n\t\t\t\t<label for=\"form-field-field_a681d34\">\u6211\u540c\u610f SWIFT Holding GmbH \u9690\u79c1\u653f\u7b56\uff0c\u5e76\u540c\u610f\u6309\u7167 GDPR \u6cd5\u89c4\u5904\u7406\u6211\u7684\u4e2a\u4eba\u6570\u636e\u3002<\/label>\t\t\t<\/span>\n\t\t<\/div>\n\t\t\t\t\t\t<\/div>\n\t\t\t\t\t\t\t\t<div class=\"elementor-field-group elementor-column elementor-field-type-submit elementor-col-100 e-form__buttons\">\n\t\t\t\t\t<button class=\"elementor-button elementor-size-md\" type=\"submit\">\n\t\t\t\t\t\t<span class=\"elementor-button-content-wrapper\">\n\t\t\t\t\t\t\t\t\t\t\t\t\t\t\t\t\t\t\t\t\t\t<span class=\"elementor-button-text\">\u53d1\u9001\u4fe1\u606f<\/span>\n\t\t\t\t\t\t\t\t\t\t\t\t\t<\/span>\n\t\t\t\t\t<\/button>\n\t\t\t\t<\/div>\n\t\t\t<\/div>\n\t\t<input type=\"hidden\" name=\"trp-form-language\" value=\"zh\"\/><\/form>\n\t\t\t\t\t\t<\/div>\n\t\t\t\t<\/div>\n\t\t\t\t<div class=\"elementor-element elementor-element-1dedc786 elementor-widget elementor-widget-text-editor\" data-id=\"1dedc786\" data-element_type=\"widget\" data-widget_type=\"text-editor.default\">\n\t\t\t\t<div class=\"elementor-widget-container\">\n\t\t\t\t\t\t\t\t\t<p><strong>\u514d\u8d23\u58f0\u660e<\/strong>:\u586b\u5199\u5e76\u63d0\u4ea4\u672c\u8868\uff0c\u5373\u8868\u793a\u60a8\u5df2\u9605\u8bfb\u3001\u7406\u89e3\u5e76\u540c\u610f\u63a5\u53d7\u6211\u4eec\u7684\u4ee5\u4e0b\u6761\u6b3e\u7684\u7ea6\u675f<span style=\"color: #000000;\"> <a style=\"color: #000000;\" href=\"https:\/\/sw-ift.co.za\/zh\/legal\/terms-and-conditions\/\">\u670d\u52a1\u6761\u6b3e<\/a> \u548c <a style=\"color: #000000;\" href=\"https:\/\/sw-ift.co.za\/zh\/legal\/privacy-policy\/\">\u9690\u79c1\u653f\u7b56<\/a>.<\/span>\u00a0 \u5982\u679c\u60a8\u4e0d\u540c\u610f\u8fd9\u4e9b\u6761\u6b3e\uff0c\u8bf7\u4e0d\u8981\u63d0\u4ea4\u60a8\u7684\u4fe1\u606f\u3002<\/p>\t\t\t\t\t\t\t\t<\/div>\n\t\t\t\t<\/div>\n\t\t\t\t<\/div>\n\t\t\t\t<\/div>\n\t\t\t\t\t<\/div>\n\t\t\t\t<\/div>\n\t\t\t\t<\/div>","protected":false},"excerpt":{"rendered":"<p>Vendor Inquiries If you are interested in becoming a vendor partner with SWIFT Holding, please complete the form. Our procurement team will [&hellip;]<\/p>","protected":false},"author":8,"featured_media":0,"parent":303,"menu_order":0,"comment_status":"closed","ping_status":"closed","template":"","meta":{"footnotes":""},"class_list":["post-3584","page","type-page","status-publish","hentry"],"_links":{"self":[{"href":"https:\/\/sw-ift.co.za\/zh\/wp-json\/wp\/v2\/pages\/3584","targetHints":{"allow":["GET"]}}],"collection":[{"href":"https:\/\/sw-ift.co.za\/zh\/wp-json\/wp\/v2\/pages"}],"about":[{"href":"https:\/\/sw-ift.co.za\/zh\/wp-json\/wp\/v2\/types\/page"}],"author":[{"embeddable":true,"href":"https:\/\/sw-ift.co.za\/zh\/wp-json\/wp\/v2\/users\/8"}],"replies":[{"embeddable":true,"href":"https:\/\/sw-ift.co.za\/zh\/wp-json\/wp\/v2\/comments?post=3584"}],"version-history":[{"count":0,"href":"https:\/\/sw-ift.co.za\/zh\/wp-json\/wp\/v2\/pages\/3584\/revisions"}],"up":[{"embeddable":true,"href":"https:\/\/sw-ift.co.za\/zh\/wp-json\/wp\/v2\/pages\/303"}],"wp:attachment":[{"href":"https:\/\/sw-ift.co.za\/zh\/wp-json\/wp\/v2\/media?parent=3584"}],"curies":[{"name":"wp","href":"https:\/\/api.w.org\/{rel}","templated":true}]}}